{"id":17,"date":"2019-09-17T12:51:31","date_gmt":"2019-09-17T12:51:31","guid":{"rendered":"http:\/\/desenvolvimentosmssites.com.br\/febrobotics.com.br\/?page_id=17"},"modified":"2025-03-13T19:53:04","modified_gmt":"2025-03-13T19:53:04","slug":"empresa","status":"publish","type":"page","link":"https:\/\/febrobotics.com.br\/en\/empresa\/","title":{"rendered":"COMPANY"},"content":{"rendered":"<div id='full_slider_1' class='avia-fullwidth-slider main_color avia-shadow   avia-builder-el-0  el_before_av_one_full  avia-builder-el-first   container_wrap sidebar_right' style=' '  ><div  data-size='no scaling'  data-lightbox_size='large'  data-animation='slide'  data-conditional_play=''  data-ids='114'  data-video_counter='0'  data-autoplay='true'  data-bg_slider='false'  data-slide_height=''  data-handle='av_slideshow_full'  data-interval='5'  data-class=' '  data-css_id=''  data-scroll_down=''  data-control_layout='av-control-default'  data-custom_markup=''  data-perma_caption=''  data-autoplay_stopper=''  data-image_attachment=''  data-min_height='0px'  data-src=''  data-position='top left'  data-repeat='no-repeat'  data-attach='scroll'  data-stretch=''  class='avia-slideshow avia-slideshow-1  av-control-default av-default-height-applied avia-slideshow-no scaling av_slideshow_full   avia-slide-slider'  itemprop=\"image\" itemscope=\"itemscope\" itemtype=\"https:\/\/schema.org\/ImageObject\" ><ul class='avia-slideshow-inner' style='padding-bottom: 20.833333333333%;' ><li  class='av-single-slide slide-1' ><div data-rel='slideshow-1' class='avia-slide-wrap'   ><div class = \"caption_fullwidth av-slideshow-caption caption_center\"><div class = \"container caption_container\"><div class = \"slideshow_caption\"><div class = \"slideshow_inner_caption\"><div class = \"slideshow_align_caption\"><h2  style='font-size:50px; color:#ffffff; ' class='avia-caption-title'  itemprop=\"name\" >COMPANY<\/h2><\/div><\/div><\/div><\/div><\/div><img src='https:\/\/febrobotics.com.br\/wp-content\/uploads\/2019\/09\/empresa-img.jpg' width='1920' height='400' title='empresa-img' alt=''  itemprop=\"thumbnailUrl\"   \/><div class='av-section-color-overlay' style='opacity: 0.5; background-color: #0a0a0a; '><\/div><\/div><\/li><\/ul><\/div><\/div><div id='after_full_slider_1' class='main_color av_default_container_wrap container_wrap sidebar_right' style=' '  ><div class='container' ><div class='template-page content  av-content-small alpha units'><div class='post-entry post-entry-type-page post-entry-17'><div class='entry-content-wrapper clearfix'>\n<div class=\"flex_column av_one_full  flex_column_div av-zero-column-padding avia-link-column av-column-link first  avia-builder-el-1  el_after_av_slideshow_full  el_before_av_slideshow_full  avia-builder-el-no-sibling\" style='border-radius:0px; ' data-link-column-url=\"https:\/\/febrobotics.com.br\/en\/contato\/\"  data-link-column-target=\"_blank\" ><a class=\"av-screen-reader-only\" href=\"https:\/\/febrobotics.com.br\/en\/contato\/\"  target=\"_blank\" >Link to: CONTATO<\/a><p><div style='padding-bottom:10px; ' class='av-special-heading av-special-heading-h3  blockquote modern-quote modern-centered  avia-builder-el-2  el_before_av_hr  avia-builder-el-first'><h3 class='av-special-heading-tag'  itemprop=\"headline\"  >FEB positions itself on the market as a systems integrator, a partner company for the development of solutions and new technologies in the area of \u200b\u200brobotic automation and special machines.<\/h3><div class='special-heading-border'><div class='special-heading-inner-border' ><\/div><\/div><\/div><br \/>\n<div style=' margin-top:10px; margin-bottom:10px;'  class='hr hr-custom hr-center hr-icon-no   avia-builder-el-3  el_after_av_heading  el_before_av_textblock'><span class='hr-inner   inner-border-av-border-fat' style=' width:150px; border-color:#a2210b;' ><span class='hr-inner-style'><\/span><\/span><\/div><br \/>\n<section class=\"av_textblock_section\"  itemscope=\"itemscope\" itemtype=\"https:\/\/schema.org\/CreativeWork\" ><div class='avia_textblock'  style='font-size:17px; '  itemprop=\"text\" ><p align=\"justify\"><span style=\"color: #000000;\"><span class=\"style3\">About to turn 20 years old <\/span>FEB comes to the market today to offer a solution not available to robot manufacturers:\u00a0<strong>the possibility to integrate and develop applied engineering for all brands of equipment.<\/strong> In this way, we offer a range of solutions to the needs of a customer who eventually already has diversified equipment and needs to implement changes in his production line.<\/span><\/p>\n<p align=\"justify\"><span style=\"color: #000000;\">With solid knowledge in most of the major robot manufacturers found in the industries, we are sure to meet the real needs of our customers, always with the latest technology, differentiated service, character and honesty.<\/span><\/p>\n<\/div><\/section><\/p><\/div>\n<\/div><\/div><\/div><!-- close content main div --><\/div><\/div><div id='full_slider_2' class='avia-fullwidth-slider main_color avia-shadow   avia-builder-el-5  el_after_av_one_full  el_before_av_one_half   slider-not-first container_wrap sidebar_right' style=' '  ><div  data-size='no scaling'  data-lightbox_size='large'  data-animation='slide'  data-conditional_play=''  data-ids='404'  data-video_counter='0'  data-autoplay='false'  data-bg_slider='false'  data-slide_height=''  data-handle='av_slideshow_full'  data-interval='5'  data-class=' image_no_stretch'  data-css_id=''  data-scroll_down=''  data-control_layout='av-control-default'  data-custom_markup=''  data-perma_caption=''  data-autoplay_stopper=''  data-image_attachment=''  data-min_height='0px'  data-src=''  data-position='top left'  data-repeat='no-repeat'  data-attach='scroll'  data-stretch='image_no_stretch'  class='avia-slideshow avia-slideshow-2  av-control-default av-default-height-applied avia-slideshow-no scaling av_slideshow_full  image_no_stretch avia-slide-slider'  itemprop=\"image\" itemscope=\"itemscope\" itemtype=\"https:\/\/schema.org\/ImageObject\" ><ul class='avia-slideshow-inner' style='padding-bottom: 23.4375%;' ><li  class='av-single-slide slide-1' ><div data-rel='slideshow-2' class='avia-slide-wrap'   ><img src='https:\/\/febrobotics.com.br\/wp-content\/uploads\/2019\/09\/imgs.jpg' width='1920' height='450' title='' alt=''  itemprop=\"thumbnailUrl\"   \/><\/div><\/li><\/ul><\/div><\/div><div id='after_full_slider_2' class='main_color av_default_container_wrap container_wrap sidebar_right' style=' '  ><div class='container' ><div class='template-page content  av-content-small alpha units'><div class='post-entry post-entry-type-page post-entry-17'><div class='entry-content-wrapper clearfix'>\n<div class=\"flex_column av_one_half  flex_column_div av-zero-column-padding first  avia-builder-el-6  el_after_av_slideshow_full  el_before_av_one_half  avia-builder-el-first\" style='border-radius:0px; '><p><div style='padding-bottom:10px; ' class='av-special-heading av-special-heading-h3    avia-builder-el-7  el_before_av_textblock  avia-builder-el-first'><h3 class='av-special-heading-tag'  itemprop=\"headline\"  >COMPANY POLICIE<\/h3><div class='special-heading-border'><div class='special-heading-inner-border' ><\/div><\/div><\/div><br \/>\n<section class=\"av_textblock_section\"  itemscope=\"itemscope\" itemtype=\"https:\/\/schema.org\/CreativeWork\" ><div class='avia_textblock'  style='font-size:17px; '  itemprop=\"text\" ><p align=\"justify\"><span style=\"color: #000000;\">Work, honesty, character and transparency with our employees, suppliers and customers bear fruit that surpasses any habitual and occasional business relationship. Always strengthening these ties, we are sure to achieve the best solution for our customers' needs.<\/span><\/p>\n<\/div><\/section><br \/>\n<div style='padding-bottom:10px; ' class='av-special-heading av-special-heading-h3    avia-builder-el-9  el_after_av_textblock  el_before_av_textblock'><h3 class='av-special-heading-tag'  itemprop=\"headline\"  >PHYSICAL RESOURCES AND SCOPE<\/h3><div class='special-heading-border'><div class='special-heading-inner-border' ><\/div><\/div><\/div><br \/>\n<section class=\"av_textblock_section\"  itemscope=\"itemscope\" itemtype=\"https:\/\/schema.org\/CreativeWork\" ><div class='avia_textblock'  style='font-size:17px; '  itemprop=\"text\" ><p align=\"justify\"><span style=\"color: #000000;\">Headquartered in the city of S\u00e3o Paulo, it has 500 m\u00b2 of ample facilities for making and assembling cells on a 'turn-key' basis, in addition to 'try-out', speeding up the delivery of robotic solutions.<\/span><\/p>\n<\/div><\/section><\/p><\/div>\n<div class=\"flex_column av_one_half  flex_column_div av-zero-column-padding   avia-builder-el-11  el_after_av_one_half  el_before_av_section  avia-builder-el-last\" style='border-radius:0px; '><section class=\"av_textblock_section\"  itemscope=\"itemscope\" itemtype=\"https:\/\/schema.org\/CreativeWork\" ><div class='avia_textblock'  style='font-size:17px; '  itemprop=\"text\" ><p align=\"justify\"><span style=\"color: #000000;\">We have a team formed today by employees and service providers with solid and proven experience in the most diverse industries and manufacturers of ABB Robotics robots, Kuka Robot, Fanuc Robotics Motoman Yaskawa, OTC.<\/span><\/p>\n<p align=\"justify\"><span style=\"color: #000000;\">Among the segments served by us, and with projects already executed, are the automobile, food, pharmaceutical and auto parts industries.<\/span><\/p>\n<p align=\"justify\"><span style=\"color: #000000;\">Through innovations and the search for new technologies, FEB offers robotic solutions in palletizing, handling, welding processes <strong>MIG\/MAG<\/strong>, resistance welding, application of adhesive, surface finish, cutting, deburring, among others.<\/span><\/p>\n<\/div><\/section><\/div>\n<\/div><\/div><\/div><!-- close content main div --><\/div><\/div><div id='av_section_1' class='avia-section main_color avia-section-large avia-no-border-styling avia-full-contain avia-bg-style-scroll  avia-builder-el-13  el_after_av_one_half  avia-builder-el-last    av-minimum-height av-minimum-height-25  container_wrap sidebar_right' style='background-repeat: no-repeat; background-image: url(https:\/\/febrobotics.com.br\/wp-content\/uploads\/2019\/10\/img-home-faixa.jpg);background-attachment: scroll; background-position: center center;  '  data-section-bg-repeat='contain' data-av_minimum_height_pc='25'><div class='container' ><div class='template-page content  av-content-small alpha units'><div class='post-entry post-entry-type-page post-entry-17'><div class='entry-content-wrapper clearfix'><\/div><\/div><\/div><!-- close content main div --><\/div><\/div><div id='after_section_1' class='main_color av_default_container_wrap container_wrap sidebar_right' style=' '  ><div class='container' ><div class='template-page content  av-content-small alpha units'><div class='post-entry post-entry-type-page post-entry-17'><div class='entry-content-wrapper clearfix'>","protected":false},"excerpt":{"rendered":"","protected":false},"author":1,"featured_media":263,"parent":0,"menu_order":0,"comment_status":"closed","ping_status":"closed","template":"","meta":{"footnotes":""},"class_list":["post-17","page","type-page","status-publish","has-post-thumbnail","hentry"],"yoast_head":"<!-- This site is optimized with the Yoast SEO plugin v27.4 - https:\/\/yoast.com\/product\/yoast-seo-wordpress\/ -->\n<title>EMPRESA ROB\u00d4S ABB KUKA FANUC MOTOMAN YASKAWA NACHI<\/title>\n<meta name=\"description\" content=\"SOLU\u00c7\u00d5ES ROBOTIZADAS CUSTOMIZADAS para ind\u00fastria 4.0 com robots KUKA ABB FANUC ROBOTICS MOTOMAN YASKAWA NACHI\" \/>\n<meta name=\"robots\" content=\"index, follow, max-snippet:-1, max-image-preview:large, max-video-preview:-1\" \/>\n<link rel=\"canonical\" href=\"https:\/\/febrobotics.com.br\/en\/empresa\/\" \/>\n<meta property=\"og:locale\" content=\"en_US\" \/>\n<meta property=\"og:type\" content=\"article\" \/>\n<meta property=\"og:title\" content=\"EMPRESA ROB\u00d4S ABB KUKA FANUC MOTOMAN YASKAWA NACHI\" \/>\n<meta property=\"og:description\" content=\"SOLU\u00c7\u00d5ES ROBOTIZADAS CUSTOMIZADAS para ind\u00fastria 4.0 com robots KUKA ABB FANUC ROBOTICS MOTOMAN YASKAWA NACHI\" \/>\n<meta property=\"og:url\" content=\"https:\/\/febrobotics.com.br\/en\/empresa\/\" \/>\n<meta property=\"og:site_name\" content=\"FEB ROBOTICS &amp; AUTOMATION\" \/>\n<meta property=\"article:modified_time\" content=\"2025-03-13T19:53:04+00:00\" \/>\n<meta property=\"og:image\" content=\"https:\/\/febrobotics.com.br\/wp-content\/uploads\/2019\/09\/febrobotics-29-1030x773.jpg\" \/>\n\t<meta property=\"og:image:width\" content=\"1030\" \/>\n\t<meta property=\"og:image:height\" content=\"773\" \/>\n\t<meta property=\"og:image:type\" content=\"image\/jpeg\" \/>\n<meta name=\"twitter:card\" content=\"summary_large_image\" \/>\n<meta name=\"twitter:label1\" content=\"Est. reading time\" \/>\n\t<meta name=\"twitter:data1\" content=\"8 minutes\" \/>\n<script type=\"application\/ld+json\" class=\"yoast-schema-graph\">{\"@context\":\"https:\\\/\\\/schema.org\",\"@graph\":[{\"@type\":\"WebPage\",\"@id\":\"https:\\\/\\\/febrobotics.com.br\\\/empresa\\\/\",\"url\":\"https:\\\/\\\/febrobotics.com.br\\\/empresa\\\/\",\"name\":\"EMPRESA ROB\u00d4S ABB KUKA FANUC MOTOMAN YASKAWA NACHI\",\"isPartOf\":{\"@id\":\"https:\\\/\\\/febrobotics.com.br\\\/#website\"},\"primaryImageOfPage\":{\"@id\":\"https:\\\/\\\/febrobotics.com.br\\\/empresa\\\/#primaryimage\"},\"image\":{\"@id\":\"https:\\\/\\\/febrobotics.com.br\\\/empresa\\\/#primaryimage\"},\"thumbnailUrl\":\"https:\\\/\\\/febrobotics.com.br\\\/wp-content\\\/uploads\\\/2019\\\/09\\\/febrobotics-29.jpg\",\"datePublished\":\"2019-09-17T12:51:31+00:00\",\"dateModified\":\"2025-03-13T19:53:04+00:00\",\"description\":\"SOLU\u00c7\u00d5ES ROBOTIZADAS CUSTOMIZADAS para ind\u00fastria 4.0 com robots KUKA ABB FANUC ROBOTICS MOTOMAN YASKAWA NACHI\",\"breadcrumb\":{\"@id\":\"https:\\\/\\\/febrobotics.com.br\\\/empresa\\\/#breadcrumb\"},\"inLanguage\":\"en-US\",\"potentialAction\":[{\"@type\":\"ReadAction\",\"target\":[\"https:\\\/\\\/febrobotics.com.br\\\/empresa\\\/\"]}]},{\"@type\":\"ImageObject\",\"inLanguage\":\"en-US\",\"@id\":\"https:\\\/\\\/febrobotics.com.br\\\/empresa\\\/#primaryimage\",\"url\":\"https:\\\/\\\/febrobotics.com.br\\\/wp-content\\\/uploads\\\/2019\\\/09\\\/febrobotics-29.jpg\",\"contentUrl\":\"https:\\\/\\\/febrobotics.com.br\\\/wp-content\\\/uploads\\\/2019\\\/09\\\/febrobotics-29.jpg\",\"width\":4032,\"height\":3024},{\"@type\":\"BreadcrumbList\",\"@id\":\"https:\\\/\\\/febrobotics.com.br\\\/empresa\\\/#breadcrumb\",\"itemListElement\":[{\"@type\":\"ListItem\",\"position\":1,\"name\":\"In\u00edcio\",\"item\":\"https:\\\/\\\/febrobotics.com.br\\\/\"},{\"@type\":\"ListItem\",\"position\":2,\"name\":\"EMPRESA\"}]},{\"@type\":\"WebSite\",\"@id\":\"https:\\\/\\\/febrobotics.com.br\\\/#website\",\"url\":\"https:\\\/\\\/febrobotics.com.br\\\/\",\"name\":\"FEB ROBOTICS &amp; AUTOMATION\",\"description\":\"Integrador de rob\u00f4s dispositivos solda robos usados\",\"publisher\":{\"@id\":\"https:\\\/\\\/febrobotics.com.br\\\/#organization\"},\"potentialAction\":[{\"@type\":\"SearchAction\",\"target\":{\"@type\":\"EntryPoint\",\"urlTemplate\":\"https:\\\/\\\/febrobotics.com.br\\\/?s={search_term_string}\"},\"query-input\":{\"@type\":\"PropertyValueSpecification\",\"valueRequired\":true,\"valueName\":\"search_term_string\"}}],\"inLanguage\":\"en-US\"},{\"@type\":\"Organization\",\"@id\":\"https:\\\/\\\/febrobotics.com.br\\\/#organization\",\"name\":\"FEB ROBOTICS & AUTOMATION\",\"url\":\"https:\\\/\\\/febrobotics.com.br\\\/\",\"logo\":{\"@type\":\"ImageObject\",\"inLanguage\":\"en-US\",\"@id\":\"https:\\\/\\\/febrobotics.com.br\\\/#\\\/schema\\\/logo\\\/image\\\/\",\"url\":\"https:\\\/\\\/febrobotics.com.br\\\/wp-content\\\/uploads\\\/2020\\\/03\\\/Logo-feb.png\",\"contentUrl\":\"https:\\\/\\\/febrobotics.com.br\\\/wp-content\\\/uploads\\\/2020\\\/03\\\/Logo-feb.png\",\"width\":973,\"height\":452,\"caption\":\"FEB ROBOTICS & AUTOMATION\"},\"image\":{\"@id\":\"https:\\\/\\\/febrobotics.com.br\\\/#\\\/schema\\\/logo\\\/image\\\/\"},\"sameAs\":[\"https:\\\/\\\/www.instagram.com\\\/febrobotics\\\/?hl=pt-br\",\"https:\\\/\\\/br.linkedin.com\\\/company\\\/feb-robotics-&amp;-automation\",\"https:\\\/\\\/www.youtube.com\\\/watch?v=L-7QwPhsR-I&amp;amp;amp;amp;amp;t=1s\",\"https:\\\/\\\/www.youtube.com\\\/channel\\\/UCQ31rZBxWVvgg7fCydchJ7g\"]}]}<\/script>\n<!-- \/ Yoast SEO plugin. -->","yoast_head_json":{"title":"EMPRESA ROB\u00d4S ABB KUKA FANUC MOTOMAN YASKAWA NACHI","description":"SOLU\u00c7\u00d5ES ROBOTIZADAS CUSTOMIZADAS para ind\u00fastria 4.0 com robots KUKA ABB FANUC ROBOTICS MOTOMAN YASKAWA NACHI","robots":{"index":"index","follow":"follow","max-snippet":"max-snippet:-1","max-image-preview":"max-image-preview:large","max-video-preview":"max-video-preview:-1"},"canonical":"https:\/\/febrobotics.com.br\/en\/empresa\/","og_locale":"en_US","og_type":"article","og_title":"EMPRESA ROB\u00d4S ABB KUKA FANUC MOTOMAN YASKAWA NACHI","og_description":"SOLU\u00c7\u00d5ES ROBOTIZADAS CUSTOMIZADAS para ind\u00fastria 4.0 com robots KUKA ABB FANUC ROBOTICS MOTOMAN YASKAWA NACHI","og_url":"https:\/\/febrobotics.com.br\/en\/empresa\/","og_site_name":"FEB ROBOTICS &amp; AUTOMATION","article_modified_time":"2025-03-13T19:53:04+00:00","og_image":[{"width":1030,"height":773,"url":"https:\/\/febrobotics.com.br\/wp-content\/uploads\/2019\/09\/febrobotics-29-1030x773.jpg","type":"image\/jpeg"}],"twitter_card":"summary_large_image","twitter_misc":{"Est. reading time":"8 minutes"},"schema":{"@context":"https:\/\/schema.org","@graph":[{"@type":"WebPage","@id":"https:\/\/febrobotics.com.br\/empresa\/","url":"https:\/\/febrobotics.com.br\/empresa\/","name":"EMPRESA ROB\u00d4S ABB KUKA FANUC MOTOMAN YASKAWA NACHI","isPartOf":{"@id":"https:\/\/febrobotics.com.br\/#website"},"primaryImageOfPage":{"@id":"https:\/\/febrobotics.com.br\/empresa\/#primaryimage"},"image":{"@id":"https:\/\/febrobotics.com.br\/empresa\/#primaryimage"},"thumbnailUrl":"https:\/\/febrobotics.com.br\/wp-content\/uploads\/2019\/09\/febrobotics-29.jpg","datePublished":"2019-09-17T12:51:31+00:00","dateModified":"2025-03-13T19:53:04+00:00","description":"SOLU\u00c7\u00d5ES ROBOTIZADAS CUSTOMIZADAS para ind\u00fastria 4.0 com robots KUKA ABB FANUC ROBOTICS MOTOMAN YASKAWA NACHI","breadcrumb":{"@id":"https:\/\/febrobotics.com.br\/empresa\/#breadcrumb"},"inLanguage":"en-US","potentialAction":[{"@type":"ReadAction","target":["https:\/\/febrobotics.com.br\/empresa\/"]}]},{"@type":"ImageObject","inLanguage":"en-US","@id":"https:\/\/febrobotics.com.br\/empresa\/#primaryimage","url":"https:\/\/febrobotics.com.br\/wp-content\/uploads\/2019\/09\/febrobotics-29.jpg","contentUrl":"https:\/\/febrobotics.com.br\/wp-content\/uploads\/2019\/09\/febrobotics-29.jpg","width":4032,"height":3024},{"@type":"BreadcrumbList","@id":"https:\/\/febrobotics.com.br\/empresa\/#breadcrumb","itemListElement":[{"@type":"ListItem","position":1,"name":"In\u00edcio","item":"https:\/\/febrobotics.com.br\/"},{"@type":"ListItem","position":2,"name":"EMPRESA"}]},{"@type":"WebSite","@id":"https:\/\/febrobotics.com.br\/#website","url":"https:\/\/febrobotics.com.br\/","name":"FEB ROBOTICS &amp; AUTOMATION","description":"Integrador de rob\u00f4s dispositivos solda robos usados","publisher":{"@id":"https:\/\/febrobotics.com.br\/#organization"},"potentialAction":[{"@type":"SearchAction","target":{"@type":"EntryPoint","urlTemplate":"https:\/\/febrobotics.com.br\/?s={search_term_string}"},"query-input":{"@type":"PropertyValueSpecification","valueRequired":true,"valueName":"search_term_string"}}],"inLanguage":"en-US"},{"@type":"Organization","@id":"https:\/\/febrobotics.com.br\/#organization","name":"FEB ROBOTICS & AUTOMATION","url":"https:\/\/febrobotics.com.br\/","logo":{"@type":"ImageObject","inLanguage":"en-US","@id":"https:\/\/febrobotics.com.br\/#\/schema\/logo\/image\/","url":"https:\/\/febrobotics.com.br\/wp-content\/uploads\/2020\/03\/Logo-feb.png","contentUrl":"https:\/\/febrobotics.com.br\/wp-content\/uploads\/2020\/03\/Logo-feb.png","width":973,"height":452,"caption":"FEB ROBOTICS & AUTOMATION"},"image":{"@id":"https:\/\/febrobotics.com.br\/#\/schema\/logo\/image\/"},"sameAs":["https:\/\/www.instagram.com\/febrobotics\/?hl=pt-br","https:\/\/br.linkedin.com\/company\/feb-robotics-&amp;-automation","https:\/\/www.youtube.com\/watch?v=L-7QwPhsR-I&amp;amp;amp;amp;amp;t=1s","https:\/\/www.youtube.com\/channel\/UCQ31rZBxWVvgg7fCydchJ7g"]}]}},"_links":{"self":[{"href":"https:\/\/febrobotics.com.br\/en\/wp-json\/wp\/v2\/pages\/17","targetHints":{"allow":["GET"]}}],"collection":[{"href":"https:\/\/febrobotics.com.br\/en\/wp-json\/wp\/v2\/pages"}],"about":[{"href":"https:\/\/febrobotics.com.br\/en\/wp-json\/wp\/v2\/types\/page"}],"author":[{"embeddable":true,"href":"https:\/\/febrobotics.com.br\/en\/wp-json\/wp\/v2\/users\/1"}],"replies":[{"embeddable":true,"href":"https:\/\/febrobotics.com.br\/en\/wp-json\/wp\/v2\/comments?post=17"}],"version-history":[{"count":36,"href":"https:\/\/febrobotics.com.br\/en\/wp-json\/wp\/v2\/pages\/17\/revisions"}],"predecessor-version":[{"id":1874,"href":"https:\/\/febrobotics.com.br\/en\/wp-json\/wp\/v2\/pages\/17\/revisions\/1874"}],"wp:featuredmedia":[{"embeddable":true,"href":"https:\/\/febrobotics.com.br\/en\/wp-json\/wp\/v2\/media\/263"}],"wp:attachment":[{"href":"https:\/\/febrobotics.com.br\/en\/wp-json\/wp\/v2\/media?parent=17"}],"curies":[{"name":"wp","href":"https:\/\/api.w.org\/{rel}","templated":true}]}}