{"id":23,"date":"2019-09-17T12:53:10","date_gmt":"2019-09-17T12:53:10","guid":{"rendered":"http:\/\/desenvolvimentosmssites.com.br\/febrobotics.com.br\/?page_id=23"},"modified":"2022-08-02T20:44:11","modified_gmt":"2022-08-02T20:44:11","slug":"nossos-clientes-com-solucoes-kuka-abb-fanuc-motoman","status":"publish","type":"page","link":"https:\/\/febrobotics.com.br\/en\/nossos-clientes-com-solucoes-kuka-abb-fanuc-motoman\/","title":{"rendered":"CUSTOMERS"},"content":{"rendered":"<div id='full_slider_1' class='avia-fullwidth-slider main_color avia-shadow   avia-builder-el-0  el_before_av_section  avia-builder-el-first   container_wrap sidebar_right' style=' '  ><div  data-size='no scaling'  data-lightbox_size='large'  data-animation='slide'  data-conditional_play=''  data-ids='208'  data-video_counter='0'  data-autoplay='false'  data-bg_slider='false'  data-slide_height=''  data-handle='av_slideshow_full'  data-interval='5'  data-class=' image_no_stretch'  data-css_id=''  data-scroll_down=''  data-control_layout='av-control-default'  data-custom_markup=''  data-perma_caption=''  data-autoplay_stopper=''  data-image_attachment=''  data-min_height='0px'  data-src=''  data-position='top left'  data-repeat='no-repeat'  data-attach='scroll'  data-stretch='image_no_stretch'  class='avia-slideshow avia-slideshow-1  av-control-default av-default-height-applied avia-slideshow-no scaling av_slideshow_full  image_no_stretch avia-slide-slider'  itemprop=\"image\" itemscope=\"itemscope\" itemtype=\"https:\/\/schema.org\/ImageObject\" ><ul class='avia-slideshow-inner' style='padding-bottom: 20.833333333333%;' ><li  class='av-single-slide slide-1' ><div data-rel='slideshow-1' class='avia-slide-wrap'   ><div class = \"caption_fullwidth av-slideshow-caption caption_center\"><div class = \"container caption_container\"><div class = \"slideshow_caption\"><div class = \"slideshow_inner_caption\"><div class = \"slideshow_align_caption\"><h2  style='font-size:50px; color:#ffffff; ' class='avia-caption-title'  itemprop=\"name\" >CUSTOMERS<\/h2><\/div><\/div><\/div><\/div><\/div><img src='https:\/\/febrobotics.com.br\/wp-content\/uploads\/2019\/09\/clientes.jpg' width='1920' height='400' title='clientes' alt=''  itemprop=\"thumbnailUrl\"   \/><div class='av-section-color-overlay' style='opacity: 0.5; background-color: #0a0a0a; '><\/div><\/div><\/li><\/ul><\/div><\/div>\n<div id='av_section_1' class='avia-section main_color avia-section-default avia-no-border-styling avia-bg-style-scroll  avia-builder-el-1  el_after_av_slideshow_full  el_before_av_one_third   container_wrap sidebar_right' style=' '  ><div class='container' ><div class='template-page content  av-content-small alpha units'><div class='post-entry post-entry-type-page post-entry-23'><div class='entry-content-wrapper clearfix'>\n<div  data-autoplay='false'  data-interval='5'  data-animation='slide'  class='avia-logo-element-container av-border-deactivate avia-logo-grid avia-content-slider avia-smallarrow-slider avia-content-grid-active noHover avia-content-slider1 avia-content-slider-odd  avia-builder-el-2  avia-builder-el-no-sibling' ><div class='avia-smallarrow-slider-heading  no-logo-slider-heading'><div class='new-special-heading'>&nbsp;<\/div><\/div><div class='avia-content-slider-inner'><div class='slide-entry-wrap' ><div  class='slide-entry flex_column no_margin post-entry slide-entry-overview slide-loop-1 slide-parity-odd  av_one_fifth first real-thumbnail'><a href='http:\/\/www.lear.com' data-rel='slide-1' class='slide-image' title=''  target=\"_blank\"  ><span class='av-partner-fake-img' style='padding-bottom:41.348973607038%; background-image:url(https:\/\/febrobotics.com.br\/wp-content\/uploads\/2019\/09\/clientes-1.jpg);'><\/span><\/a><\/div><div  class='slide-entry flex_column no_margin post-entry slide-entry-overview slide-loop-2 slide-parity-even  av_one_fifth  real-thumbnail'><a href='http:\/\/golin.com.br' data-rel='slide-1' class='slide-image' title=''  target=\"_blank\"  ><span class='av-partner-fake-img' style='padding-bottom:41.348973607038%; background-image:url(https:\/\/febrobotics.com.br\/wp-content\/uploads\/2019\/09\/clientes-2.jpg);'><\/span><\/a><\/div><div  class='slide-entry flex_column no_margin post-entry slide-entry-overview slide-loop-3 slide-parity-odd  av_one_fifth  real-thumbnail'><span class='av-partner-fake-img' style='padding-bottom:41.348973607038%; background-image:url(https:\/\/febrobotics.com.br\/wp-content\/uploads\/2019\/09\/clientes-3.jpg);'><\/span><\/div><div  class='slide-entry flex_column no_margin post-entry slide-entry-overview slide-loop-4 slide-parity-even  av_one_fifth  real-thumbnail'><span class='av-partner-fake-img' style='padding-bottom:41.348973607038%; background-image:url(https:\/\/febrobotics.com.br\/wp-content\/uploads\/2019\/09\/clientes-4.jpg);'><\/span><\/div><div  class='slide-entry flex_column no_margin post-entry slide-entry-overview slide-loop-5 slide-parity-odd  av_one_fifth  real-thumbnail'><a href='http:\/\/www.grupodelga.com.br\/' data-rel='slide-1' class='slide-image' title=''  target=\"_blank\"  ><span class='av-partner-fake-img' style='padding-bottom:41.348973607038%; background-image:url(https:\/\/febrobotics.com.br\/wp-content\/uploads\/2019\/09\/clientes-5.jpg);'><\/span><\/a><\/div><\/div><div class='slide-entry-wrap' ><div  class='slide-entry flex_column no_margin post-entry slide-entry-overview slide-loop-6 slide-parity-odd  av_one_fifth first real-thumbnail'><a href='http:\/\/www.elevacar.com.br' data-rel='slide-1' class='slide-image' title=''  target=\"_blank\"  ><span class='av-partner-fake-img' style='padding-bottom:41.348973607038%; background-image:url(https:\/\/febrobotics.com.br\/wp-content\/uploads\/2019\/09\/clientes-6.jpg);'><\/span><\/a><\/div><div  class='slide-entry flex_column no_margin post-entry slide-entry-overview slide-loop-7 slide-parity-even  av_one_fifth  real-thumbnail'><a href='http:\/\/www.dana.com' data-rel='slide-1' class='slide-image' title=''  target=\"_blank\"  ><span class='av-partner-fake-img' style='padding-bottom:41.348973607038%; background-image:url(https:\/\/febrobotics.com.br\/wp-content\/uploads\/2019\/09\/clientes-7.jpg);'><\/span><\/a><\/div><div  class='slide-entry flex_column no_margin post-entry slide-entry-overview slide-loop-8 slide-parity-odd  av_one_fifth  real-thumbnail'><a href='https:\/\/www.benteler.com\/en\/' data-rel='slide-1' class='slide-image' title=''  target=\"_blank\"  ><span class='av-partner-fake-img' style='padding-bottom:41.348973607038%; background-image:url(https:\/\/febrobotics.com.br\/wp-content\/uploads\/2019\/09\/clientes-8.jpg);'><\/span><\/a><\/div><div  class='slide-entry flex_column no_margin post-entry slide-entry-overview slide-loop-9 slide-parity-even  av_one_fifth  real-thumbnail'><span class='av-partner-fake-img' style='padding-bottom:41.348973607038%; background-image:url(https:\/\/febrobotics.com.br\/wp-content\/uploads\/2019\/09\/clientes-9.jpg);'><\/span><\/div><div  class='slide-entry flex_column no_margin post-entry slide-entry-overview slide-loop-10 slide-parity-odd  av_one_fifth  real-thumbnail'><a href='https:\/\/www.autokiniton.com\/' data-rel='slide-1' class='slide-image' title=''  target=\"_blank\"  ><span class='av-partner-fake-img' style='padding-bottom:41.348973607038%; background-image:url(https:\/\/febrobotics.com.br\/wp-content\/uploads\/2019\/09\/clientes-10.jpg);'><\/span><\/a><\/div><\/div><div class='slide-entry-wrap' ><div  class='slide-entry flex_column no_margin post-entry slide-entry-overview slide-loop-11 slide-parity-odd  av_one_fifth first real-thumbnail'><a href='http:\/\/www.noma.com.br' data-rel='slide-1' class='slide-image' title=''  target=\"_blank\"  ><span class='av-partner-fake-img' style='padding-bottom:41.348973607038%; background-image:url(https:\/\/febrobotics.com.br\/wp-content\/uploads\/2019\/09\/clientes-11.jpg);'><\/span><\/a><\/div><div  class='slide-entry flex_column no_margin post-entry slide-entry-overview slide-loop-12 slide-parity-even  av_one_fifth  real-thumbnail'><span class='av-partner-fake-img' style='padding-bottom:41.348973607038%; background-image:url(https:\/\/febrobotics.com.br\/wp-content\/uploads\/2019\/09\/clientes-12.jpg);'><\/span><\/div><div  class='slide-entry flex_column no_margin post-entry slide-entry-overview slide-loop-13 slide-parity-odd  av_one_fifth  real-thumbnail'><span class='av-partner-fake-img' style='padding-bottom:41.348973607038%; background-image:url(https:\/\/febrobotics.com.br\/wp-content\/uploads\/2019\/09\/clientes-13.jpg);'><\/span><\/div><div  class='slide-entry flex_column no_margin post-entry slide-entry-overview slide-loop-14 slide-parity-even  av_one_fifth  real-thumbnail'><span class='av-partner-fake-img' style='padding-bottom:41.348973607038%; background-image:url(https:\/\/febrobotics.com.br\/wp-content\/uploads\/2019\/09\/clientes-14.jpg);'><\/span><\/div><div  class='slide-entry flex_column no_margin post-entry slide-entry-overview slide-loop-15 slide-parity-odd  av_one_fifth  real-thumbnail'><span class='av-partner-fake-img' style='padding-bottom:41.348973607038%; background-image:url(https:\/\/febrobotics.com.br\/wp-content\/uploads\/2019\/09\/clientes-15.jpg);'><\/span><\/div><\/div><div class='slide-entry-wrap' ><div  class='slide-entry flex_column no_margin post-entry slide-entry-overview slide-loop-16 slide-parity-odd  av_one_fifth first real-thumbnail'><span class='av-partner-fake-img' style='padding-bottom:41.348973607038%; background-image:url(https:\/\/febrobotics.com.br\/wp-content\/uploads\/2019\/09\/clientes-16.jpg);'><\/span><\/div><div  class='slide-entry flex_column no_margin post-entry slide-entry-overview slide-loop-17 slide-parity-even  av_one_fifth  real-thumbnail'><span class='av-partner-fake-img' style='padding-bottom:41.348973607038%; background-image:url(https:\/\/febrobotics.com.br\/wp-content\/uploads\/2019\/09\/clientes-17.jpg);'><\/span><\/div><div  class='slide-entry flex_column no_margin post-entry slide-entry-overview slide-loop-18 slide-parity-odd  av_one_fifth  real-thumbnail'><span class='av-partner-fake-img' style='padding-bottom:41.348973607038%; background-image:url(https:\/\/febrobotics.com.br\/wp-content\/uploads\/2019\/09\/clientes-18.jpg);'><\/span><\/div><div  class='slide-entry flex_column no_margin post-entry slide-entry-overview slide-loop-19 slide-parity-even  av_one_fifth  real-thumbnail'><span class='av-partner-fake-img' style='padding-bottom:41.348973607038%; background-image:url(https:\/\/febrobotics.com.br\/wp-content\/uploads\/2019\/09\/clientes-19.jpg);'><\/span><\/div><div  class='slide-entry flex_column no_margin post-entry slide-entry-overview slide-loop-20 slide-parity-odd  post-entry-last  av_one_fifth  real-thumbnail'><span class='av-partner-fake-img' style='padding-bottom:41.348973607038%; background-image:url(https:\/\/febrobotics.com.br\/wp-content\/uploads\/2019\/09\/magneti.png);'><\/span><\/div><\/div><\/div><\/div>\n<\/div><\/div><\/div><!-- close content main div --><\/div><\/div><div id='after_section_1' class='main_color av_default_container_wrap container_wrap sidebar_right' style=' '  ><div class='container' ><div class='template-page content  av-content-small alpha units'><div class='post-entry post-entry-type-page post-entry-23'><div class='entry-content-wrapper clearfix'>\n<div class=\"flex_column av_one_third  flex_column_div av-zero-column-padding first  avia-builder-el-3  el_after_av_section  el_before_av_one_third  avia-builder-el-first\" style='border-radius:0px; '><article class=\"iconbox iconbox_left    avia-builder-el-4  avia-builder-el-no-sibling\"  itemscope=\"itemscope\" itemtype=\"https:\/\/schema.org\/CreativeWork\" ><div class=\"iconbox_content\"><header class=\"entry-content-header\"><div class=\"iconbox_icon heading-color\" aria-hidden='true' data-av_icon='\ue823' data-av_iconfont='entypo-fontello'  ><\/div><h3 class='iconbox_content_title'  itemprop=\"headline\"  >Portifolio<\/h3><\/header><div class='iconbox_content_container'  itemprop=\"text\"  ><p>Click here to add your own text<\/p>\n<\/div><\/div><footer class=\"entry-footer\"><\/footer><\/article><\/div><div class=\"flex_column av_one_third  flex_column_div av-zero-column-padding   avia-builder-el-5  el_after_av_one_third  el_before_av_one_third\" style='border-radius:0px; '><span class=\"av_font_icon avia_animate_when_visible avia-icon-animate  av-icon-style-border  av-no-color avia-icon-pos-center\" style=\"\"><a href='https:\/\/febrobotics.com.br\/en\/portifolio\/'  target=\"_blank\"   class='av-icon-char' style='font-size:40px;line-height:40px;width:40px;' aria-hidden='true' data-av_icon='\ue851' data-av_iconfont='entypo-fontello' ><\/a><\/span><\/div><div class=\"flex_column av_one_third  flex_column_div av-zero-column-padding   avia-builder-el-7  el_after_av_one_third  el_before_av_textblock\" style='border-radius:0px; '><div class='avia-image-container  av-styling-    avia-builder-el-8  avia-builder-el-no-sibling   avia-align-center'  itemprop=\"image\" itemscope=\"itemscope\" itemtype=\"https:\/\/schema.org\/ImageObject\"  ><div class='avia-image-container-inner'><div class='avia-image-overlay-wrap'><img class='avia_image' src='https:\/\/febrobotics.com.br\/wp-content\/uploads\/2021\/06\/brands-300x37.png' alt='Robos Usados FANUC MOTOMAN ABB KUKA' title='brands' height=\"37\" width=\"300\"  itemprop=\"thumbnailUrl\"  \/><\/div><\/div><\/div><\/div><section class=\"av_textblock_section\"  itemscope=\"itemscope\" itemtype=\"https:\/\/schema.org\/CreativeWork\" ><div class='avia_textblock'   itemprop=\"text\" ><p>Main Clients with projects developed by FEB Robotics, we work in partnership with the main robot manufacturers such as FANUC ABB MOTOMAN YASKAWA COMAU KUKA<\/p>\n<\/div><\/section><\/p>\n\n<div class=\"flex_column av_one_half  flex_column_div av-zero-column-padding first  avia-builder-el-11  el_after_av_codeblock  avia-builder-el-last\" style='border-radius:0px; '><\/div>","protected":false},"excerpt":{"rendered":"","protected":false},"author":1,"featured_media":423,"parent":0,"menu_order":0,"comment_status":"closed","ping_status":"closed","template":"","meta":{"footnotes":""},"class_list":["post-23","page","type-page","status-publish","has-post-thumbnail","hentry"],"yoast_head":"<!-- This site is optimized with the Yoast SEO plugin v27.4 - https:\/\/yoast.com\/product\/yoast-seo-wordpress\/ -->\n<title>Nossos Clientes com solu\u00e7\u00f5es KUKA ABB FANUC MOTOMAN<\/title>\n<meta name=\"description\" content=\"Nossos principais Clientes com solu\u00e7\u00f5es e rob\u00f4s KUKA ABB FANUC MOTOMAN desenvolvidas pela FEB ROBOTICS AUTOMATION DANA MERITOR GESTAMP\" \/>\n<meta name=\"robots\" content=\"index, follow, max-snippet:-1, max-image-preview:large, max-video-preview:-1\" \/>\n<link rel=\"canonical\" href=\"https:\/\/febrobotics.com.br\/en\/nossos-clientes-com-solucoes-kuka-abb-fanuc-motoman\/\" \/>\n<meta property=\"og:locale\" content=\"en_US\" \/>\n<meta property=\"og:type\" content=\"article\" \/>\n<meta property=\"og:title\" content=\"Nossos Clientes com solu\u00e7\u00f5es KUKA ABB FANUC MOTOMAN\" \/>\n<meta property=\"og:description\" content=\"Nossos principais Clientes com solu\u00e7\u00f5es e rob\u00f4s KUKA ABB FANUC MOTOMAN desenvolvidas pela FEB ROBOTICS AUTOMATION DANA MERITOR GESTAMP\" \/>\n<meta property=\"og:url\" content=\"https:\/\/febrobotics.com.br\/en\/nossos-clientes-com-solucoes-kuka-abb-fanuc-motoman\/\" \/>\n<meta property=\"og:site_name\" content=\"FEB ROBOTICS &amp; AUTOMATION\" \/>\n<meta property=\"article:modified_time\" content=\"2022-08-02T20:44:11+00:00\" \/>\n<meta property=\"og:image\" content=\"https:\/\/febrobotics.com.br\/wp-content\/uploads\/2019\/09\/serv2.jpg\" \/>\n\t<meta property=\"og:image:width\" content=\"1920\" \/>\n\t<meta property=\"og:image:height\" content=\"650\" \/>\n\t<meta property=\"og:image:type\" content=\"image\/jpeg\" \/>\n<meta name=\"twitter:card\" content=\"summary_large_image\" \/>\n<meta name=\"twitter:label1\" content=\"Est. reading time\" \/>\n\t<meta name=\"twitter:data1\" content=\"7 minutes\" \/>\n<script type=\"application\/ld+json\" class=\"yoast-schema-graph\">{\"@context\":\"https:\\\/\\\/schema.org\",\"@graph\":[{\"@type\":\"WebPage\",\"@id\":\"https:\\\/\\\/febrobotics.com.br\\\/nossos-clientes-com-solucoes-kuka-abb-fanuc-motoman\\\/\",\"url\":\"https:\\\/\\\/febrobotics.com.br\\\/nossos-clientes-com-solucoes-kuka-abb-fanuc-motoman\\\/\",\"name\":\"Nossos Clientes com solu\u00e7\u00f5es KUKA ABB FANUC MOTOMAN\",\"isPartOf\":{\"@id\":\"https:\\\/\\\/febrobotics.com.br\\\/#website\"},\"primaryImageOfPage\":{\"@id\":\"https:\\\/\\\/febrobotics.com.br\\\/nossos-clientes-com-solucoes-kuka-abb-fanuc-motoman\\\/#primaryimage\"},\"image\":{\"@id\":\"https:\\\/\\\/febrobotics.com.br\\\/nossos-clientes-com-solucoes-kuka-abb-fanuc-motoman\\\/#primaryimage\"},\"thumbnailUrl\":\"https:\\\/\\\/febrobotics.com.br\\\/wp-content\\\/uploads\\\/2019\\\/09\\\/serv2.jpg\",\"datePublished\":\"2019-09-17T12:53:10+00:00\",\"dateModified\":\"2022-08-02T20:44:11+00:00\",\"description\":\"Nossos principais Clientes com solu\u00e7\u00f5es e rob\u00f4s KUKA ABB FANUC MOTOMAN desenvolvidas pela FEB ROBOTICS AUTOMATION DANA MERITOR GESTAMP\",\"breadcrumb\":{\"@id\":\"https:\\\/\\\/febrobotics.com.br\\\/nossos-clientes-com-solucoes-kuka-abb-fanuc-motoman\\\/#breadcrumb\"},\"inLanguage\":\"en-US\",\"potentialAction\":[{\"@type\":\"ReadAction\",\"target\":[\"https:\\\/\\\/febrobotics.com.br\\\/nossos-clientes-com-solucoes-kuka-abb-fanuc-motoman\\\/\"]}]},{\"@type\":\"ImageObject\",\"inLanguage\":\"en-US\",\"@id\":\"https:\\\/\\\/febrobotics.com.br\\\/nossos-clientes-com-solucoes-kuka-abb-fanuc-motoman\\\/#primaryimage\",\"url\":\"https:\\\/\\\/febrobotics.com.br\\\/wp-content\\\/uploads\\\/2019\\\/09\\\/serv2.jpg\",\"contentUrl\":\"https:\\\/\\\/febrobotics.com.br\\\/wp-content\\\/uploads\\\/2019\\\/09\\\/serv2.jpg\",\"width\":1920,\"height\":650,\"caption\":\"Nossos principais Clientes com solu\u00e7\u00f5es e rob\u00f4s KUKA ABB FANUC MOTOMAN desenvolvidas pela FEB ROBOTICS AUTOMATION DANA MERITOR GESTAMP\"},{\"@type\":\"BreadcrumbList\",\"@id\":\"https:\\\/\\\/febrobotics.com.br\\\/nossos-clientes-com-solucoes-kuka-abb-fanuc-motoman\\\/#breadcrumb\",\"itemListElement\":[{\"@type\":\"ListItem\",\"position\":1,\"name\":\"In\u00edcio\",\"item\":\"https:\\\/\\\/febrobotics.com.br\\\/\"},{\"@type\":\"ListItem\",\"position\":2,\"name\":\"CLIENTES\"}]},{\"@type\":\"WebSite\",\"@id\":\"https:\\\/\\\/febrobotics.com.br\\\/#website\",\"url\":\"https:\\\/\\\/febrobotics.com.br\\\/\",\"name\":\"FEB ROBOTICS &amp; AUTOMATION\",\"description\":\"Integrador de rob\u00f4s dispositivos solda robos usados\",\"publisher\":{\"@id\":\"https:\\\/\\\/febrobotics.com.br\\\/#organization\"},\"potentialAction\":[{\"@type\":\"SearchAction\",\"target\":{\"@type\":\"EntryPoint\",\"urlTemplate\":\"https:\\\/\\\/febrobotics.com.br\\\/?s={search_term_string}\"},\"query-input\":{\"@type\":\"PropertyValueSpecification\",\"valueRequired\":true,\"valueName\":\"search_term_string\"}}],\"inLanguage\":\"en-US\"},{\"@type\":\"Organization\",\"@id\":\"https:\\\/\\\/febrobotics.com.br\\\/#organization\",\"name\":\"FEB ROBOTICS & AUTOMATION\",\"url\":\"https:\\\/\\\/febrobotics.com.br\\\/\",\"logo\":{\"@type\":\"ImageObject\",\"inLanguage\":\"en-US\",\"@id\":\"https:\\\/\\\/febrobotics.com.br\\\/#\\\/schema\\\/logo\\\/image\\\/\",\"url\":\"https:\\\/\\\/febrobotics.com.br\\\/wp-content\\\/uploads\\\/2020\\\/03\\\/Logo-feb.png\",\"contentUrl\":\"https:\\\/\\\/febrobotics.com.br\\\/wp-content\\\/uploads\\\/2020\\\/03\\\/Logo-feb.png\",\"width\":973,\"height\":452,\"caption\":\"FEB ROBOTICS & AUTOMATION\"},\"image\":{\"@id\":\"https:\\\/\\\/febrobotics.com.br\\\/#\\\/schema\\\/logo\\\/image\\\/\"},\"sameAs\":[\"https:\\\/\\\/www.instagram.com\\\/febrobotics\\\/?hl=pt-br\",\"https:\\\/\\\/br.linkedin.com\\\/company\\\/feb-robotics-&amp;-automation\",\"https:\\\/\\\/www.youtube.com\\\/watch?v=L-7QwPhsR-I&amp;amp;amp;amp;amp;t=1s\",\"https:\\\/\\\/www.youtube.com\\\/channel\\\/UCQ31rZBxWVvgg7fCydchJ7g\"]}]}<\/script>\n<!-- \/ Yoast SEO plugin. -->","yoast_head_json":{"title":"Nossos Clientes com solu\u00e7\u00f5es KUKA ABB FANUC MOTOMAN","description":"Nossos principais Clientes com solu\u00e7\u00f5es e rob\u00f4s KUKA ABB FANUC MOTOMAN desenvolvidas pela FEB ROBOTICS AUTOMATION DANA MERITOR GESTAMP","robots":{"index":"index","follow":"follow","max-snippet":"max-snippet:-1","max-image-preview":"max-image-preview:large","max-video-preview":"max-video-preview:-1"},"canonical":"https:\/\/febrobotics.com.br\/en\/nossos-clientes-com-solucoes-kuka-abb-fanuc-motoman\/","og_locale":"en_US","og_type":"article","og_title":"Nossos Clientes com solu\u00e7\u00f5es KUKA ABB FANUC MOTOMAN","og_description":"Nossos principais Clientes com solu\u00e7\u00f5es e rob\u00f4s KUKA ABB FANUC MOTOMAN desenvolvidas pela FEB ROBOTICS AUTOMATION DANA MERITOR GESTAMP","og_url":"https:\/\/febrobotics.com.br\/en\/nossos-clientes-com-solucoes-kuka-abb-fanuc-motoman\/","og_site_name":"FEB ROBOTICS &amp; AUTOMATION","article_modified_time":"2022-08-02T20:44:11+00:00","og_image":[{"width":1920,"height":650,"url":"https:\/\/febrobotics.com.br\/wp-content\/uploads\/2019\/09\/serv2.jpg","type":"image\/jpeg"}],"twitter_card":"summary_large_image","twitter_misc":{"Est. reading time":"7 minutes"},"schema":{"@context":"https:\/\/schema.org","@graph":[{"@type":"WebPage","@id":"https:\/\/febrobotics.com.br\/nossos-clientes-com-solucoes-kuka-abb-fanuc-motoman\/","url":"https:\/\/febrobotics.com.br\/nossos-clientes-com-solucoes-kuka-abb-fanuc-motoman\/","name":"Nossos Clientes com solu\u00e7\u00f5es KUKA ABB FANUC MOTOMAN","isPartOf":{"@id":"https:\/\/febrobotics.com.br\/#website"},"primaryImageOfPage":{"@id":"https:\/\/febrobotics.com.br\/nossos-clientes-com-solucoes-kuka-abb-fanuc-motoman\/#primaryimage"},"image":{"@id":"https:\/\/febrobotics.com.br\/nossos-clientes-com-solucoes-kuka-abb-fanuc-motoman\/#primaryimage"},"thumbnailUrl":"https:\/\/febrobotics.com.br\/wp-content\/uploads\/2019\/09\/serv2.jpg","datePublished":"2019-09-17T12:53:10+00:00","dateModified":"2022-08-02T20:44:11+00:00","description":"Nossos principais Clientes com solu\u00e7\u00f5es e rob\u00f4s KUKA ABB FANUC MOTOMAN desenvolvidas pela FEB ROBOTICS AUTOMATION DANA MERITOR GESTAMP","breadcrumb":{"@id":"https:\/\/febrobotics.com.br\/nossos-clientes-com-solucoes-kuka-abb-fanuc-motoman\/#breadcrumb"},"inLanguage":"en-US","potentialAction":[{"@type":"ReadAction","target":["https:\/\/febrobotics.com.br\/nossos-clientes-com-solucoes-kuka-abb-fanuc-motoman\/"]}]},{"@type":"ImageObject","inLanguage":"en-US","@id":"https:\/\/febrobotics.com.br\/nossos-clientes-com-solucoes-kuka-abb-fanuc-motoman\/#primaryimage","url":"https:\/\/febrobotics.com.br\/wp-content\/uploads\/2019\/09\/serv2.jpg","contentUrl":"https:\/\/febrobotics.com.br\/wp-content\/uploads\/2019\/09\/serv2.jpg","width":1920,"height":650,"caption":"Nossos principais Clientes com solu\u00e7\u00f5es e rob\u00f4s KUKA ABB FANUC MOTOMAN desenvolvidas pela FEB ROBOTICS AUTOMATION DANA MERITOR GESTAMP"},{"@type":"BreadcrumbList","@id":"https:\/\/febrobotics.com.br\/nossos-clientes-com-solucoes-kuka-abb-fanuc-motoman\/#breadcrumb","itemListElement":[{"@type":"ListItem","position":1,"name":"In\u00edcio","item":"https:\/\/febrobotics.com.br\/"},{"@type":"ListItem","position":2,"name":"CLIENTES"}]},{"@type":"WebSite","@id":"https:\/\/febrobotics.com.br\/#website","url":"https:\/\/febrobotics.com.br\/","name":"FEB ROBOTICS &amp; AUTOMATION","description":"Integrador de rob\u00f4s dispositivos solda robos usados","publisher":{"@id":"https:\/\/febrobotics.com.br\/#organization"},"potentialAction":[{"@type":"SearchAction","target":{"@type":"EntryPoint","urlTemplate":"https:\/\/febrobotics.com.br\/?s={search_term_string}"},"query-input":{"@type":"PropertyValueSpecification","valueRequired":true,"valueName":"search_term_string"}}],"inLanguage":"en-US"},{"@type":"Organization","@id":"https:\/\/febrobotics.com.br\/#organization","name":"FEB ROBOTICS & AUTOMATION","url":"https:\/\/febrobotics.com.br\/","logo":{"@type":"ImageObject","inLanguage":"en-US","@id":"https:\/\/febrobotics.com.br\/#\/schema\/logo\/image\/","url":"https:\/\/febrobotics.com.br\/wp-content\/uploads\/2020\/03\/Logo-feb.png","contentUrl":"https:\/\/febrobotics.com.br\/wp-content\/uploads\/2020\/03\/Logo-feb.png","width":973,"height":452,"caption":"FEB ROBOTICS & AUTOMATION"},"image":{"@id":"https:\/\/febrobotics.com.br\/#\/schema\/logo\/image\/"},"sameAs":["https:\/\/www.instagram.com\/febrobotics\/?hl=pt-br","https:\/\/br.linkedin.com\/company\/feb-robotics-&amp;-automation","https:\/\/www.youtube.com\/watch?v=L-7QwPhsR-I&amp;amp;amp;amp;amp;t=1s","https:\/\/www.youtube.com\/channel\/UCQ31rZBxWVvgg7fCydchJ7g"]}]}},"_links":{"self":[{"href":"https:\/\/febrobotics.com.br\/en\/wp-json\/wp\/v2\/pages\/23","targetHints":{"allow":["GET"]}}],"collection":[{"href":"https:\/\/febrobotics.com.br\/en\/wp-json\/wp\/v2\/pages"}],"about":[{"href":"https:\/\/febrobotics.com.br\/en\/wp-json\/wp\/v2\/types\/page"}],"author":[{"embeddable":true,"href":"https:\/\/febrobotics.com.br\/en\/wp-json\/wp\/v2\/users\/1"}],"replies":[{"embeddable":true,"href":"https:\/\/febrobotics.com.br\/en\/wp-json\/wp\/v2\/comments?post=23"}],"version-history":[{"count":22,"href":"https:\/\/febrobotics.com.br\/en\/wp-json\/wp\/v2\/pages\/23\/revisions"}],"predecessor-version":[{"id":1194,"href":"https:\/\/febrobotics.com.br\/en\/wp-json\/wp\/v2\/pages\/23\/revisions\/1194"}],"wp:featuredmedia":[{"embeddable":true,"href":"https:\/\/febrobotics.com.br\/en\/wp-json\/wp\/v2\/media\/423"}],"wp:attachment":[{"href":"https:\/\/febrobotics.com.br\/en\/wp-json\/wp\/v2\/media?parent=23"}],"curies":[{"name":"wp","href":"https:\/\/api.w.org\/{rel}","templated":true}]}}