{"id":3,"date":"2019-09-17T11:02:24","date_gmt":"2019-09-17T11:02:24","guid":{"rendered":"http:\/\/desenvolvimentosmssites.com.br\/febrobotics.com.br\/?page_id=3"},"modified":"2024-03-01T11:57:14","modified_gmt":"2024-03-01T11:57:14","slug":"privacy-policy-politica-de-privacidade","status":"publish","type":"page","link":"https:\/\/febrobotics.com.br\/en\/privacy-policy-politica-de-privacidade\/","title":{"rendered":"Privacy Policy"},"content":{"rendered":"<h1>On line Privacy policy( april 2022)<\/h1>\n<h3>The privacy of users (\u201cUsers\u201d) of the Feb Robotics Automation website (\u201cFRA\u201d) (www.febrobotics.com.br) is very important to FRA. The purpose of this Online Privacy Policy is to inform Users of FRA's practices in relation to the collection, use, access and security of information submitted by Users to the FRA Website.<\/h3>\n<h2>1. Terms<\/h2>\n<p>when accessing the site <a href=\"https:\/\/febrobotics.com.br\/en\/\">Feb Robotics &amp; Automation<\/a>, you agree to comply with these terms of service, all applicable laws and regulations, and you agree that you are responsible for compliance with all applicable local laws. If you do not agree with any of these terms, you are prohibited from using or accessing this website. The materials contained on this site are protected by applicable copyright and trademark laws.<\/p>\n<h2>2. Use of Licence<\/h2>\n<p>Permission is granted to temporarily download one copy of the materials (information\/images) on the Feb Robotics &amp; Automation website for personal, non-commercial transitory viewing only. This is the grant of a license, not a transfer of title, and under this license you may not:<\/p>\n<ol>\n<li>change or copy the material;<\/li>\n<li>use the materials for any commercial purpose or for public display (commercial or non-commercial);<\/li>\n<li>attempt to decompile or reverse engineer any software contained on the Feb Robotics &amp; Automation website;<\/li>\n<li>remover of copyright or other proprietary notations from the materials; or;<\/li>\n<li>transfer the materials to another person or 'mirror' the materials on any other server.<\/li>\n<\/ol>\n<p>This license shall automatically terminate if you violate any of these restrictions and may be terminated by Feb Robotics &amp; Automation at any time. Upon termination of viewing these materials or upon termination of this license, you must delete all downloaded materials in your possession, whether in electronic or printed form.<\/p>\n<h2>3. Disclaimer<\/h2>\n<ol>\n<li>Os materiais no site da Feb Robotics &amp; Automation s\u00e3o fornecidos &#8216;como est\u00e3o&#8217;. Feb Robotics &amp; Automation n\u00e3o oferece garantias, expressas ou impl\u00edcitas, e, por este meio, isenta e nega todas as outras garantias, incluindo, sem limita\u00e7\u00e3o, garantias impl\u00edcitas ou condi\u00e7\u00f5es de comercializa\u00e7\u00e3o, adequa\u00e7\u00e3o a um fim espec\u00edfico ou n\u00e3o viola\u00e7\u00e3o de propriedade intelectual ou outra viola\u00e7\u00e3o de direitos, as imagens apresentadas bem como marcas mencionadas s\u00e3o de propriedade de seus pr\u00f3prios fabricantes , a Feb Robotics &amp; Automation n\u00e3o representa nem \u00e9 detentora de tais marcas.<\/li>\n<li>Al\u00e9m disso, o Feb Robotics &amp; Automation n\u00e3o garante ou faz qualquer representa\u00e7\u00e3o relativa \u00e0 precis\u00e3o, aos resultados prov\u00e1veis \u200b\u200bou \u00e0 confiabilidade do uso dos materiais em seu site ou de outra forma relacionado a esses materiais ou em sites vinculados a este site, as imagens apresentadas em s\u00e3o propriedade de seus idealizadores, sistemas e ou aplica\u00e7\u00f5es apresentadas s\u00e3o somente ilustrativas.<\/li>\n<\/ol>\n<h2>4. Limitations<\/h2>\n<p>In no event shall Feb Robotics &amp; Automation or its suppliers be liable for any damages (including, without limitation, damages for loss of data or profit or due to business interruption) arising out of the use or inability to use the materials on Feb Robotics &amp; Automation , even if Feb Robotics &amp; Automation or an authorized representative of Feb Robotics &amp; Automation has been notified orally or in writing of the possibility of such damages. As some jurisdictions do not allow limitations on implied warranties or limitations of liability for incidental or consequential damages, these limitations may not apply to you.<\/p>\n<h2>5. Precision of materials<\/h2>\n<p>Materials appearing on the Feb Robotics &amp; Automation website could include technical, typographical, or photographic errors. Feb Robotics &amp; Automation does not warrant that any material on its website is accurate, complete or current. Feb Robotics &amp; Automation may make changes to the materials contained on its website at any time without notice. However, Feb Robotics &amp; Automation makes no commitment to update the materials.<\/p>\n<h2>6.Links<\/h2>\n<p>Feb Robotics &amp; Automation has not reviewed all sites linked to its site and is not responsible for the content of any linked site. The inclusion of any link does not imply endorsement by Feb Robotics &amp; Automation of the site. Use of any linked site is at the user's own risk.<\/p>\n<h3>https:\/\/www.youtube.com\/channel\/UCQ31rZBxWVvgg7fCydchJ7g<\/h3>\n<p>Our website uses YouTube plugins, which are operated by Google. The operator of the pages is YouTube LLC, 901 Cherry Ave., San Bruno, CA 94066, USA.<\/p>\n<p>If you visit one of our pages with a YouTube plugin, a connection to YouTube's servers will be established. Here the YouTube server is informed which of our pages you have visited.<\/p>\n<p>If you are logged into your YouTube account, YouTube allows you to link your browsing behavior directly to your personal profile. You can avoid this by logging out of your YouTube account.<\/p>\n<p>YouTube is used to help make our website attractive. This is a justified interest under the terms of art. 6 (1) (f) DSGVO.<\/p>\n<p>More information on the handling of user data can be found in the YouTube data protection declaration at https:\/\/www.google.de\/intl\/de\/policies\/privacy.<\/p>\n<h3>Contact Forms<\/h3>\n<p class=\"privacy-policy-tutorial\">By accessing our contact form, you agree to disclose your email, telephone, and other pertinent information to us, this data is for internal use only and will not be passed on to third parties, you are also aware that this information may be stored by a period of up to one year and used by our sales department for market penetration analysis and digital engagement.<\/p>\n<h3>Analises<\/h3>\n<p class=\"privacy-policy-tutorial\">We use Google AdSense, Google tracking, Google ANALYTICS and SEO tools, which can be accessed directly at https:\/\/policies.google.com\/privacy?hl=pt-PT.<\/p>\n<h3>Modifications<\/h3>\n<p>Feb Robotics &amp; Automation may revise these website terms of service at any time without notice. By using this site, you agree to be bound by the current version of these terms of service.<\/p>\n<h3>Applicable Law<\/h3>\n<p>Feb Robotics &amp; Automation may revise these website terms of service at any time without notice. By using this site, you agree to be bound by the current version of these terms of service. These terms and conditions are governed by and construed in accordance with GDPR laws and you irrevocably submit to the exclusive jurisdiction of the courts in that state or locality.<\/p>\n<h2 id=\"fale-conosco-reclamacoes\">7. Complaints<\/h2>\n<p>If you have any questions about this privacy policy or our data processing practices, or if you would like to make a complaint, please contact our Data Protection Officer directly through <a href=\"https:\/\/febrobotics.com.br\/en\/contato\/\">contato@febrobotics.com.br <\/a>or by regular mail at:<\/p>\n<p>Responsible for Data Protection<br \/>\nRua Barao de Iguape, 924 \u2013 Liberdade \u2013 SP- SP<br \/>\nCEP: 01507-001 \u2013 Brazil<\/p>","protected":false},"excerpt":{"rendered":"<p>Pol\u00edtica de privacidade do site Online (abril de 2022) A privacidade dos usu\u00e1rios (\u201cUsu\u00e1rios\u201d) do site da Feb Robotics Automation (\u201cFRA\u201d) (www.febrobotics.com.br) \u00e9 muito importante para a FRA. O objetivo desta Pol\u00edtica de Privacidade Online \u00e9 informar os Usu\u00e1rios sobre as pr\u00e1ticas da FRA em rela\u00e7\u00e3o \u00e0 coleta, uso, acesso e seguran\u00e7a das informa\u00e7\u00f5es submetidas [&hellip;]<\/p>\n","protected":false},"author":1,"featured_media":0,"parent":0,"menu_order":0,"comment_status":"closed","ping_status":"open","template":"","meta":{"footnotes":""},"class_list":["post-3","page","type-page","status-publish","hentry"],"yoast_head":"<!-- This site is optimized with the Yoast SEO plugin v27.4 - https:\/\/yoast.com\/product\/yoast-seo-wordpress\/ -->\n<title>Privacy Policy - FEB ROBOTICS &amp; AUTOMATION<\/title>\n<meta name=\"description\" content=\"Seguran\u00e7a e privacidade FEB ROBOTICS\" \/>\n<meta name=\"robots\" content=\"index, follow, max-snippet:-1, max-image-preview:large, max-video-preview:-1\" \/>\n<link rel=\"canonical\" href=\"https:\/\/febrobotics.com.br\/en\/privacy-policy-politica-de-privacidade\/\" \/>\n<meta property=\"og:locale\" content=\"en_US\" \/>\n<meta property=\"og:type\" content=\"article\" \/>\n<meta property=\"og:title\" content=\"Privacy Policy - FEB ROBOTICS &amp; AUTOMATION\" \/>\n<meta property=\"og:description\" content=\"Seguran\u00e7a e privacidade FEB ROBOTICS\" \/>\n<meta property=\"og:url\" content=\"https:\/\/febrobotics.com.br\/en\/privacy-policy-politica-de-privacidade\/\" \/>\n<meta property=\"og:site_name\" content=\"FEB ROBOTICS &amp; AUTOMATION\" \/>\n<meta property=\"article:modified_time\" content=\"2024-03-01T11:57:14+00:00\" \/>\n<meta name=\"twitter:card\" content=\"summary_large_image\" \/>\n<meta name=\"twitter:label1\" content=\"Est. reading time\" \/>\n\t<meta name=\"twitter:data1\" content=\"6 minutes\" \/>\n<script type=\"application\/ld+json\" class=\"yoast-schema-graph\">{\"@context\":\"https:\\\/\\\/schema.org\",\"@graph\":[{\"@type\":\"WebPage\",\"@id\":\"https:\\\/\\\/febrobotics.com.br\\\/privacy-policy-politica-de-privacidade\\\/\",\"url\":\"https:\\\/\\\/febrobotics.com.br\\\/privacy-policy-politica-de-privacidade\\\/\",\"name\":\"Privacy Policy - FEB ROBOTICS &amp; AUTOMATION\",\"isPartOf\":{\"@id\":\"https:\\\/\\\/febrobotics.com.br\\\/#website\"},\"datePublished\":\"2019-09-17T11:02:24+00:00\",\"dateModified\":\"2024-03-01T11:57:14+00:00\",\"description\":\"Seguran\u00e7a e privacidade FEB ROBOTICS\",\"breadcrumb\":{\"@id\":\"https:\\\/\\\/febrobotics.com.br\\\/privacy-policy-politica-de-privacidade\\\/#breadcrumb\"},\"inLanguage\":\"en-US\",\"potentialAction\":[{\"@type\":\"ReadAction\",\"target\":[\"https:\\\/\\\/febrobotics.com.br\\\/privacy-policy-politica-de-privacidade\\\/\"]}]},{\"@type\":\"BreadcrumbList\",\"@id\":\"https:\\\/\\\/febrobotics.com.br\\\/privacy-policy-politica-de-privacidade\\\/#breadcrumb\",\"itemListElement\":[{\"@type\":\"ListItem\",\"position\":1,\"name\":\"In\u00edcio\",\"item\":\"https:\\\/\\\/febrobotics.com.br\\\/\"},{\"@type\":\"ListItem\",\"position\":2,\"name\":\"Privacy Policy\"}]},{\"@type\":\"WebSite\",\"@id\":\"https:\\\/\\\/febrobotics.com.br\\\/#website\",\"url\":\"https:\\\/\\\/febrobotics.com.br\\\/\",\"name\":\"FEB ROBOTICS &amp; AUTOMATION\",\"description\":\"Integrador de rob\u00f4s dispositivos solda robos usados\",\"publisher\":{\"@id\":\"https:\\\/\\\/febrobotics.com.br\\\/#organization\"},\"potentialAction\":[{\"@type\":\"SearchAction\",\"target\":{\"@type\":\"EntryPoint\",\"urlTemplate\":\"https:\\\/\\\/febrobotics.com.br\\\/?s={search_term_string}\"},\"query-input\":{\"@type\":\"PropertyValueSpecification\",\"valueRequired\":true,\"valueName\":\"search_term_string\"}}],\"inLanguage\":\"en-US\"},{\"@type\":\"Organization\",\"@id\":\"https:\\\/\\\/febrobotics.com.br\\\/#organization\",\"name\":\"FEB ROBOTICS & AUTOMATION\",\"url\":\"https:\\\/\\\/febrobotics.com.br\\\/\",\"logo\":{\"@type\":\"ImageObject\",\"inLanguage\":\"en-US\",\"@id\":\"https:\\\/\\\/febrobotics.com.br\\\/#\\\/schema\\\/logo\\\/image\\\/\",\"url\":\"https:\\\/\\\/febrobotics.com.br\\\/wp-content\\\/uploads\\\/2020\\\/03\\\/Logo-feb.png\",\"contentUrl\":\"https:\\\/\\\/febrobotics.com.br\\\/wp-content\\\/uploads\\\/2020\\\/03\\\/Logo-feb.png\",\"width\":973,\"height\":452,\"caption\":\"FEB ROBOTICS & AUTOMATION\"},\"image\":{\"@id\":\"https:\\\/\\\/febrobotics.com.br\\\/#\\\/schema\\\/logo\\\/image\\\/\"},\"sameAs\":[\"https:\\\/\\\/www.instagram.com\\\/febrobotics\\\/?hl=pt-br\",\"https:\\\/\\\/br.linkedin.com\\\/company\\\/feb-robotics-&amp;-automation\",\"https:\\\/\\\/www.youtube.com\\\/watch?v=L-7QwPhsR-I&amp;amp;amp;amp;amp;t=1s\",\"https:\\\/\\\/www.youtube.com\\\/channel\\\/UCQ31rZBxWVvgg7fCydchJ7g\"]}]}<\/script>\n<!-- \/ Yoast SEO plugin. -->","yoast_head_json":{"title":"Privacy Policy - FEB ROBOTICS &amp; AUTOMATION","description":"Seguran\u00e7a e privacidade FEB ROBOTICS","robots":{"index":"index","follow":"follow","max-snippet":"max-snippet:-1","max-image-preview":"max-image-preview:large","max-video-preview":"max-video-preview:-1"},"canonical":"https:\/\/febrobotics.com.br\/en\/privacy-policy-politica-de-privacidade\/","og_locale":"en_US","og_type":"article","og_title":"Privacy Policy - FEB ROBOTICS &amp; AUTOMATION","og_description":"Seguran\u00e7a e privacidade FEB ROBOTICS","og_url":"https:\/\/febrobotics.com.br\/en\/privacy-policy-politica-de-privacidade\/","og_site_name":"FEB ROBOTICS &amp; AUTOMATION","article_modified_time":"2024-03-01T11:57:14+00:00","twitter_card":"summary_large_image","twitter_misc":{"Est. reading time":"6 minutes"},"schema":{"@context":"https:\/\/schema.org","@graph":[{"@type":"WebPage","@id":"https:\/\/febrobotics.com.br\/privacy-policy-politica-de-privacidade\/","url":"https:\/\/febrobotics.com.br\/privacy-policy-politica-de-privacidade\/","name":"Privacy Policy - FEB ROBOTICS &amp; AUTOMATION","isPartOf":{"@id":"https:\/\/febrobotics.com.br\/#website"},"datePublished":"2019-09-17T11:02:24+00:00","dateModified":"2024-03-01T11:57:14+00:00","description":"Seguran\u00e7a e privacidade FEB ROBOTICS","breadcrumb":{"@id":"https:\/\/febrobotics.com.br\/privacy-policy-politica-de-privacidade\/#breadcrumb"},"inLanguage":"en-US","potentialAction":[{"@type":"ReadAction","target":["https:\/\/febrobotics.com.br\/privacy-policy-politica-de-privacidade\/"]}]},{"@type":"BreadcrumbList","@id":"https:\/\/febrobotics.com.br\/privacy-policy-politica-de-privacidade\/#breadcrumb","itemListElement":[{"@type":"ListItem","position":1,"name":"In\u00edcio","item":"https:\/\/febrobotics.com.br\/"},{"@type":"ListItem","position":2,"name":"Privacy Policy"}]},{"@type":"WebSite","@id":"https:\/\/febrobotics.com.br\/#website","url":"https:\/\/febrobotics.com.br\/","name":"FEB ROBOTICS &amp; AUTOMATION","description":"Integrador de rob\u00f4s dispositivos solda robos usados","publisher":{"@id":"https:\/\/febrobotics.com.br\/#organization"},"potentialAction":[{"@type":"SearchAction","target":{"@type":"EntryPoint","urlTemplate":"https:\/\/febrobotics.com.br\/?s={search_term_string}"},"query-input":{"@type":"PropertyValueSpecification","valueRequired":true,"valueName":"search_term_string"}}],"inLanguage":"en-US"},{"@type":"Organization","@id":"https:\/\/febrobotics.com.br\/#organization","name":"FEB ROBOTICS & AUTOMATION","url":"https:\/\/febrobotics.com.br\/","logo":{"@type":"ImageObject","inLanguage":"en-US","@id":"https:\/\/febrobotics.com.br\/#\/schema\/logo\/image\/","url":"https:\/\/febrobotics.com.br\/wp-content\/uploads\/2020\/03\/Logo-feb.png","contentUrl":"https:\/\/febrobotics.com.br\/wp-content\/uploads\/2020\/03\/Logo-feb.png","width":973,"height":452,"caption":"FEB ROBOTICS & AUTOMATION"},"image":{"@id":"https:\/\/febrobotics.com.br\/#\/schema\/logo\/image\/"},"sameAs":["https:\/\/www.instagram.com\/febrobotics\/?hl=pt-br","https:\/\/br.linkedin.com\/company\/feb-robotics-&amp;-automation","https:\/\/www.youtube.com\/watch?v=L-7QwPhsR-I&amp;amp;amp;amp;amp;t=1s","https:\/\/www.youtube.com\/channel\/UCQ31rZBxWVvgg7fCydchJ7g"]}]}},"_links":{"self":[{"href":"https:\/\/febrobotics.com.br\/en\/wp-json\/wp\/v2\/pages\/3","targetHints":{"allow":["GET"]}}],"collection":[{"href":"https:\/\/febrobotics.com.br\/en\/wp-json\/wp\/v2\/pages"}],"about":[{"href":"https:\/\/febrobotics.com.br\/en\/wp-json\/wp\/v2\/types\/page"}],"author":[{"embeddable":true,"href":"https:\/\/febrobotics.com.br\/en\/wp-json\/wp\/v2\/users\/1"}],"replies":[{"embeddable":true,"href":"https:\/\/febrobotics.com.br\/en\/wp-json\/wp\/v2\/comments?post=3"}],"version-history":[{"count":13,"href":"https:\/\/febrobotics.com.br\/en\/wp-json\/wp\/v2\/pages\/3\/revisions"}],"predecessor-version":[{"id":1822,"href":"https:\/\/febrobotics.com.br\/en\/wp-json\/wp\/v2\/pages\/3\/revisions\/1822"}],"wp:attachment":[{"href":"https:\/\/febrobotics.com.br\/en\/wp-json\/wp\/v2\/media?parent=3"}],"curies":[{"name":"wp","href":"https:\/\/api.w.org\/{rel}","templated":true}]}}